{"id":1123,"date":"2025-08-03T20:20:36","date_gmt":"2025-08-03T20:20:36","guid":{"rendered":"https:\/\/fsfl.ch\/?page_id=1123"},"modified":"2025-11-19T06:18:54","modified_gmt":"2025-11-19T06:18:54","slug":"equipe","status":"publish","type":"page","link":"https:\/\/fsfl.ch\/de\/equipe\/","title":{"rendered":"Team"},"content":{"rendered":"<div class=\"wp-block-stackable-text stk-block-text stk-block stk-42ff0f9\" data-block-id=\"42ff0f9\"><p class=\"stk-block-text__text\">Der Freiburgischer Milchverband st\u00fctzt sich auf ein engagiertes Team, das sich aus Produzenten, Milchfachleuten und Verwaltungsmitarbeitern zusammensetzt. Jeder bringt seine Kompetenzen in den Dienst der Freiburger K\u00e4sereigenossenschaften ein.<\/p><\/div>\n\n\n\n<div class=\"wp-block-query is-layout-flow wp-block-query-is-layout-flow\" data-block-type=\"core\"><ul class=\"wp-block-post-template is-layout-flow wp-block-post-template-is-layout-flow\" data-block-type=\"core\"><li class=\"wp-block-post post-2212 collaborateurs type-collaborateurs status-publish hentry\">\n\n<div class=\"wp-block-stackable-columns stk-block-columns stk-block stk-06ed493\" data-block-id=\"06ed493\" data-block-type=\"core\"><div class=\"stk-row stk-inner-blocks stk-block-content stk-content-align stk-06ed493-column\">\n<div class=\"wp-block-stackable-column stk-block-column stk-column stk-block stk-9cf377d\" data-v=\"4\" data-block-id=\"9cf377d\"><style>@media screen and (min-width: 768px){.stk-9cf377d {flex:var(--stk-flex-grow, 1) 1 calc(70% - var(--stk-column-gap, 0px) * 1 \/ 2 ) !important;}}<\/style><div class=\"stk-column-wrapper stk-block-column__content stk-container stk-9cf377d-container stk--no-background stk--no-padding\"><div class=\"stk-block-content stk-inner-blocks stk-9cf377d-inner-blocks\"><h2 class=\"wp-block-post-title\" data-block-type=\"core\">Guex Sabine<\/h2>\n\n\n<div class=\"wp-block-stackable-heading stk-block-heading stk-block-heading--v2 stk-block stk-1d41d02\" id=\"span-data-stk-dynamic-current-page-fonction-contenteditable-false-class-stk-dynamic-content-directeur-span\" data-block-id=\"1d41d02\"><h6 class=\"stk-block-heading__text\">Neue Direktorin (100 %) seit dem 1. Januar 2026<\/h6><\/div>\n\n\n\n<div class=\"wp-block-stackable-text stk-block-text stk-block stk-4484f47\" data-block-id=\"4484f47\"><p class=\"stk-block-text__text\"><ul>\n<li>Globale F\u00fchrung des FMV<\/li>\n<li>\u00dcberpr\u00fcfung der Statuten, Sanierungen der K\u00e4sereien<\/li>\n<li>Liquidationen der Milchgenossenschaften, Steuerprobleme<\/li>\n<li>Verhandlung des Milchpreises (Assistenz und Sekretariat der Verhandlungsgruppen)<\/li>\n<li>Vertretung des FMV in anderen Unternehmen oder Organisationen<\/li>\n<\/ul>\n<\/p><\/div>\n<\/div><\/div><\/div>\n\n\n\n<div class=\"wp-block-stackable-column stk-block-column stk-column stk-block stk-4197249\" data-v=\"4\" data-block-id=\"4197249\"><style>@media screen and (min-width: 768px){.stk-4197249 {flex:var(--stk-flex-grow, 1) 1 calc(30% - var(--stk-column-gap, 0px) * 1 \/ 2 ) !important;}}<\/style><div class=\"stk-column-wrapper stk-block-column__content stk-container stk-4197249-container stk--no-background stk--no-padding\"><div class=\"stk-block-content stk-inner-blocks stk-4197249-inner-blocks\">\n<div class=\"wp-block-stackable-button-group stk-block-button-group stk-block stk-d83be2b\" data-block-id=\"d83be2b\"><div class=\"stk-row stk-inner-blocks has-text-align-right stk-block-content stk-button-group\">\n<div class=\"wp-block-stackable-button stk-block-button is-style-link stk-block stk-f803675\" data-block-id=\"f803675\"><style>.stk-f803675 {border-color:#066fb9 !important;}.stk-f803675:hover{border-color:#066fb9 !important;}.stk-f803675 .stk-button{border-top-left-radius:var(--stk--preset--border-radius--full, 9999px) !important;border-top-right-radius:var(--stk--preset--border-radius--full, 9999px) !important;border-bottom-right-radius:var(--stk--preset--border-radius--full, 9999px) !important;border-bottom-left-radius:var(--stk--preset--border-radius--full, 9999px) !important;}.stk-f803675 .stk-button:before{border-color:linear-gradient(135deg,rgb(7,167,242) 0%,rgb(4,88,148) 99%) !important;}.stk-f803675 .stk-button:hover:before{border-color:linear-gradient(135deg,rgb(62,120,178) 2%,rgb(7,167,242) 100%) !important;}<\/style><a class=\"stk-link stk-button\" href=\"mailto:sguex@fsfl.ch\"><span class=\"stk-button__inner-text\">sguex@fsfl.ch<\/span><\/a><\/div>\n<\/div><\/div>\n<\/div><\/div><\/div>\n<\/div><\/div>\n\n\n\n<div class=\"wp-block-stackable-divider stk-block-divider stk-block stk-d048a7f\" data-block-id=\"d048a7f\"><style>.stk-d048a7f hr.stk-block-divider__hr{background:#24272b !important;width:100% !important;}<\/style><hr class=\"stk-block-divider__hr\"\/><\/div>\n\n<\/li><li class=\"wp-block-post post-1122 collaborateurs type-collaborateurs status-publish hentry\">\n\n<div class=\"wp-block-stackable-columns stk-block-columns stk-block stk-u5si6p1\" data-block-id=\"u5si6p1\" data-block-type=\"core\"><div class=\"stk-row stk-inner-blocks stk-block-content stk-content-align stk-u5si6p1-column\">\n<div class=\"wp-block-stackable-column stk-block-column stk-column stk-block stk-iiwe1xy\" data-v=\"4\" data-block-id=\"iiwe1xy\"><style>@media screen and (min-width: 768px){.stk-iiwe1xy {flex:var(--stk-flex-grow, 1) 1 calc(70% - var(--stk-column-gap, 0px) * 1 \/ 2 ) !important;}}<\/style><div class=\"stk-column-wrapper stk-block-column__content stk-container stk-iiwe1xy-container stk--no-background stk--no-padding\"><div class=\"stk-block-content stk-inner-blocks stk-iiwe1xy-inner-blocks\"><h2 class=\"wp-block-post-title\" data-block-type=\"core\">Chevalley Sandra<\/h2>\n\n\n<div class=\"wp-block-stackable-heading stk-block-heading stk-block-heading--v2 stk-block stk-swhkln7\" id=\"span-data-stk-dynamic-current-page-fonction-contenteditable-false-class-stk-dynamic-content-directeur-span\" data-block-id=\"swhkln7\"><h6 class=\"stk-block-heading__text\">Buchhalterin (40%) <\/h6><\/div>\n\n\n\n<div class=\"wp-block-stackable-text stk-block-text stk-block stk-f2wpdin\" data-block-id=\"f2wpdin\"><p class=\"stk-block-text__text\"><ul>\n<li>Buchhaltung des FMV, Einnahme der Beitr\u00e4ge der SMP und BO Milch, Mitgliederbeitr\u00e4ge<\/li>\n<li>Buchhaltung der VMC<\/li>\n<li>Buchhaltungsabschl\u00fcsse der K\u00e4sereigenossenschaften<\/li>\n<\/ul>\n<\/p><\/div>\n<\/div><\/div><\/div>\n\n\n\n<div class=\"wp-block-stackable-column stk-block-column stk-column stk-block stk-6ku7t82\" data-v=\"4\" data-block-id=\"6ku7t82\"><style>@media screen and (min-width: 768px){.stk-6ku7t82 {flex:var(--stk-flex-grow, 1) 1 calc(30% - var(--stk-column-gap, 0px) * 1 \/ 2 ) !important;}}<\/style><div class=\"stk-column-wrapper stk-block-column__content stk-container stk-6ku7t82-container stk--no-background stk--no-padding\"><div class=\"stk-block-content stk-inner-blocks stk-6ku7t82-inner-blocks\">\n<div class=\"wp-block-stackable-button-group stk-block-button-group stk-block stk-0ytf7in\" data-block-id=\"0ytf7in\"><div class=\"stk-row stk-inner-blocks has-text-align-right stk-block-content stk-button-group\">\n<div class=\"wp-block-stackable-button stk-block-button is-style-link stk-block stk-krwmyzi\" data-block-id=\"krwmyzi\"><style>.stk-krwmyzi {border-color:#066fb9 !important;}.stk-krwmyzi:hover{border-color:#066fb9 !important;}.stk-krwmyzi .stk-button{border-top-left-radius:var(--stk--preset--border-radius--full, 9999px) !important;border-top-right-radius:var(--stk--preset--border-radius--full, 9999px) !important;border-bottom-right-radius:var(--stk--preset--border-radius--full, 9999px) !important;border-bottom-left-radius:var(--stk--preset--border-radius--full, 9999px) !important;}.stk-krwmyzi .stk-button:before{border-color:linear-gradient(135deg,rgb(7,167,242) 0%,rgb(4,88,148) 99%) !important;}.stk-krwmyzi .stk-button:hover:before{border-color:linear-gradient(135deg,rgb(62,120,178) 2%,rgb(7,167,242) 100%) !important;}<\/style><a class=\"stk-link stk-button\" href=\"mailto:schevalley@fsfl.ch\"><span class=\"stk-button__inner-text\">schevalley@fsfl.ch<\/span><\/a><\/div>\n<\/div><\/div>\n<\/div><\/div><\/div>\n<\/div><\/div>\n\n\n\n<div class=\"wp-block-stackable-divider stk-block-divider stk-block stk-tvcyt7l\" data-block-id=\"tvcyt7l\"><style>.stk-tvcyt7l hr.stk-block-divider__hr{background:#24272b !important;width:100% !important;}<\/style><hr class=\"stk-block-divider__hr\"\/><\/div>\n\n<\/li><li class=\"wp-block-post post-1435 collaborateurs type-collaborateurs status-publish hentry\">\n\n<div class=\"wp-block-stackable-columns stk-block-columns stk-block stk-3xphmv5\" data-block-id=\"3xphmv5\" data-block-type=\"core\"><div class=\"stk-row stk-inner-blocks stk-block-content stk-content-align stk-3xphmv5-column\">\n<div class=\"wp-block-stackable-column stk-block-column stk-column stk-block stk-pzvtjl7\" data-v=\"4\" data-block-id=\"pzvtjl7\"><style>@media screen and (min-width: 768px){.stk-pzvtjl7 {flex:var(--stk-flex-grow, 1) 1 calc(70% - var(--stk-column-gap, 0px) * 1 \/ 2 ) !important;}}<\/style><div class=\"stk-column-wrapper stk-block-column__content stk-container stk-pzvtjl7-container stk--no-background stk--no-padding\"><div class=\"stk-block-content stk-inner-blocks stk-pzvtjl7-inner-blocks\"><h2 class=\"wp-block-post-title\" data-block-type=\"core\">Di Caprio Chevalier Raffaela<\/h2>\n\n\n<div class=\"wp-block-stackable-heading stk-block-heading stk-block-heading--v2 stk-block stk-nw9t3p4\" id=\"span-data-stk-dynamic-current-page-fonction-contenteditable-false-class-stk-dynamic-content-directeur-span\" data-block-id=\"nw9t3p4\"><h6 class=\"stk-block-heading__text\">Mitarbeiterin (60%)<\/h6><\/div>\n\n\n\n<div class=\"wp-block-stackable-text stk-block-text stk-block stk-lj9ikly\" data-block-id=\"lj9ikly\"><p class=\"stk-block-text__text\"><ul>\n<li>Verantwortliche HR<\/li>\n<li>Milchmengenmanagement<\/li>\n<li>Beratung der Produzenten f\u00fcr den \ndeutschsprachigen Teil<\/li>\n<li>\u00dcbersetzungen und diverse administrative Aufgaben<\/li>\n<\/ul>\n<\/p><\/div>\n<\/div><\/div><\/div>\n\n\n\n<div class=\"wp-block-stackable-column stk-block-column stk-column stk-block stk-r9agihr\" data-v=\"4\" data-block-id=\"r9agihr\"><style>@media screen and (min-width: 768px){.stk-r9agihr {flex:var(--stk-flex-grow, 1) 1 calc(30% - var(--stk-column-gap, 0px) * 1 \/ 2 ) !important;}}<\/style><div class=\"stk-column-wrapper stk-block-column__content stk-container stk-r9agihr-container stk--no-background stk--no-padding\"><div class=\"stk-block-content stk-inner-blocks stk-r9agihr-inner-blocks\">\n<div class=\"wp-block-stackable-button-group stk-block-button-group stk-block stk-d56cq2l\" data-block-id=\"d56cq2l\"><div class=\"stk-row stk-inner-blocks has-text-align-right stk-block-content stk-button-group\">\n<div class=\"wp-block-stackable-button stk-block-button is-style-link stk-block stk-fwq1cgq\" data-block-id=\"fwq1cgq\"><style>.stk-fwq1cgq {border-color:#066fb9 !important;}.stk-fwq1cgq:hover{border-color:#066fb9 !important;}.stk-fwq1cgq .stk-button{border-top-left-radius:var(--stk--preset--border-radius--full, 9999px) !important;border-top-right-radius:var(--stk--preset--border-radius--full, 9999px) !important;border-bottom-right-radius:var(--stk--preset--border-radius--full, 9999px) !important;border-bottom-left-radius:var(--stk--preset--border-radius--full, 9999px) !important;}.stk-fwq1cgq .stk-button:before{border-color:linear-gradient(135deg,rgb(7,167,242) 0%,rgb(4,88,148) 99%) !important;}.stk-fwq1cgq .stk-button:hover:before{border-color:linear-gradient(135deg,rgb(62,120,178) 2%,rgb(7,167,242) 100%) !important;}<\/style><a class=\"stk-link stk-button\" href=\"mailto:rdicaprio@fsfl.ch\"><span class=\"stk-button__inner-text\">rdicaprio@fsfl.ch<\/span><\/a><\/div>\n<\/div><\/div>\n<\/div><\/div><\/div>\n<\/div><\/div>\n\n\n\n<div class=\"wp-block-stackable-divider stk-block-divider stk-block stk-pf0mykr\" data-block-id=\"pf0mykr\"><style>.stk-pf0mykr hr.stk-block-divider__hr{background:#24272b !important;width:100% !important;}<\/style><hr class=\"stk-block-divider__hr\"\/><\/div>\n\n<\/li><li class=\"wp-block-post post-1436 collaborateurs type-collaborateurs status-publish hentry\">\n\n<div class=\"wp-block-stackable-columns stk-block-columns stk-block stk-31vohk9\" data-block-id=\"31vohk9\" data-block-type=\"core\"><div class=\"stk-row stk-inner-blocks stk-block-content stk-content-align stk-31vohk9-column\">\n<div class=\"wp-block-stackable-column stk-block-column stk-column stk-block stk-k5oi9rf\" data-v=\"4\" data-block-id=\"k5oi9rf\"><style>@media screen and (min-width: 768px){.stk-k5oi9rf {flex:var(--stk-flex-grow, 1) 1 calc(70% - var(--stk-column-gap, 0px) * 1 \/ 2 ) !important;}}<\/style><div class=\"stk-column-wrapper stk-block-column__content stk-container stk-k5oi9rf-container stk--no-background stk--no-padding\"><div class=\"stk-block-content stk-inner-blocks stk-k5oi9rf-inner-blocks\"><h2 class=\"wp-block-post-title\" data-block-type=\"core\">Gapany Martine<\/h2>\n\n\n<div class=\"wp-block-stackable-heading stk-block-heading stk-block-heading--v2 stk-block stk-ar0szev\" id=\"span-data-stk-dynamic-current-page-fonction-contenteditable-false-class-stk-dynamic-content-directeur-span\" data-block-id=\"ar0szev\"><h6 class=\"stk-block-heading__text\">Mitarbeiterin (50%)<\/h6><\/div>\n\n\n\n<div class=\"wp-block-stackable-text stk-block-text stk-block stk-0jigtma\" data-block-id=\"0jigtma\"><p class=\"stk-block-text__text\"><ul>\n<li>Generalsekretariat<\/li>\n<li>Beziehungen zum Handelsregisteramt des Kantons Freiburg<br \/>\n(Unterst\u00fctzung bei Aufl\u00f6sungen und \u00c4nderungen der K\u00e4sereigenossenschaften)<\/li>\n<li>Protokoll Delegiertenversammlung FMV+ VMC-Versammlung<\/li>\n<li>Buchhaltung der K\u00e4sereigenossenschaften (Assistenz)<\/li>\n<li>Entsch\u00e4digungen<\/li>\n<\/ul>\n<\/p><\/div>\n<\/div><\/div><\/div>\n\n\n\n<div class=\"wp-block-stackable-column stk-block-column stk-column stk-block stk-z9b1cpq\" data-v=\"4\" data-block-id=\"z9b1cpq\"><style>@media screen and (min-width: 768px){.stk-z9b1cpq {flex:var(--stk-flex-grow, 1) 1 calc(30% - var(--stk-column-gap, 0px) * 1 \/ 2 ) !important;}}<\/style><div class=\"stk-column-wrapper stk-block-column__content stk-container stk-z9b1cpq-container stk--no-background stk--no-padding\"><div class=\"stk-block-content stk-inner-blocks stk-z9b1cpq-inner-blocks\">\n<div class=\"wp-block-stackable-button-group stk-block-button-group stk-block stk-1rvxhto\" data-block-id=\"1rvxhto\"><div class=\"stk-row stk-inner-blocks has-text-align-right stk-block-content stk-button-group\">\n<div class=\"wp-block-stackable-button stk-block-button is-style-link stk-block stk-pfqdii3\" data-block-id=\"pfqdii3\"><style>.stk-pfqdii3 {border-color:#066fb9 !important;}.stk-pfqdii3:hover{border-color:#066fb9 !important;}.stk-pfqdii3 .stk-button{border-top-left-radius:var(--stk--preset--border-radius--full, 9999px) !important;border-top-right-radius:var(--stk--preset--border-radius--full, 9999px) !important;border-bottom-right-radius:var(--stk--preset--border-radius--full, 9999px) !important;border-bottom-left-radius:var(--stk--preset--border-radius--full, 9999px) !important;}.stk-pfqdii3 .stk-button:before{border-color:linear-gradient(135deg,rgb(7,167,242) 0%,rgb(4,88,148) 99%) !important;}.stk-pfqdii3 .stk-button:hover:before{border-color:linear-gradient(135deg,rgb(62,120,178) 2%,rgb(7,167,242) 100%) !important;}<\/style><a class=\"stk-link stk-button\" href=\"mailto:mgapany@fsfl.ch\"><span class=\"stk-button__inner-text\">mgapany@fsfl.ch<\/span><\/a><\/div>\n<\/div><\/div>\n<\/div><\/div><\/div>\n<\/div><\/div>\n\n\n\n<div class=\"wp-block-stackable-divider stk-block-divider stk-block stk-1k4yjg5\" data-block-id=\"1k4yjg5\"><style>.stk-1k4yjg5 hr.stk-block-divider__hr{background:#24272b !important;width:100% !important;}<\/style><hr class=\"stk-block-divider__hr\"\/><\/div>\n\n<\/li><li class=\"wp-block-post post-1437 collaborateurs type-collaborateurs status-publish hentry\">\n\n<div class=\"wp-block-stackable-columns stk-block-columns stk-block stk-csopa7i\" data-block-id=\"csopa7i\" data-block-type=\"core\"><div class=\"stk-row stk-inner-blocks stk-block-content stk-content-align stk-csopa7i-column\">\n<div class=\"wp-block-stackable-column stk-block-column stk-column stk-block stk-5imnm1v\" data-v=\"4\" data-block-id=\"5imnm1v\"><style>@media screen and (min-width: 768px){.stk-5imnm1v {flex:var(--stk-flex-grow, 1) 1 calc(70% - var(--stk-column-gap, 0px) * 1 \/ 2 ) !important;}}<\/style><div class=\"stk-column-wrapper stk-block-column__content stk-container stk-5imnm1v-container stk--no-background stk--no-padding\"><div class=\"stk-block-content stk-inner-blocks stk-5imnm1v-inner-blocks\"><h2 class=\"wp-block-post-title\" data-block-type=\"core\">Geneux Sophie<\/h2>\n\n\n<div class=\"wp-block-stackable-heading stk-block-heading stk-block-heading--v2 stk-block stk-1gnw4k3\" id=\"span-data-stk-dynamic-current-page-fonction-contenteditable-false-class-stk-dynamic-content-directeur-span\" data-block-id=\"1gnw4k3\"><h6 class=\"stk-block-heading__text\">Mitarbeiterin (40%)<\/h6><\/div>\n\n\n\n<div class=\"wp-block-stackable-text stk-block-text stk-block stk-vvjgedc\" data-block-id=\"vvjgedc\"><p class=\"stk-block-text__text\"><ul>\n<li>Generalsekretariat<\/li>\n<li>Protokollerstellung der Verwaltungsratssitzungen<\/li>\n<li>Unterhalt Homepage<\/li>\n<\/ul>\n<\/p><\/div>\n<\/div><\/div><\/div>\n\n\n\n<div class=\"wp-block-stackable-column stk-block-column stk-column stk-block stk-9qzlut4\" data-v=\"4\" data-block-id=\"9qzlut4\"><style>@media screen and (min-width: 768px){.stk-9qzlut4 {flex:var(--stk-flex-grow, 1) 1 calc(30% - var(--stk-column-gap, 0px) * 1 \/ 2 ) !important;}}<\/style><div class=\"stk-column-wrapper stk-block-column__content stk-container stk-9qzlut4-container stk--no-background stk--no-padding\"><div class=\"stk-block-content stk-inner-blocks stk-9qzlut4-inner-blocks\">\n<div class=\"wp-block-stackable-button-group stk-block-button-group stk-block stk-orwspun\" data-block-id=\"orwspun\"><div class=\"stk-row stk-inner-blocks has-text-align-right stk-block-content stk-button-group\">\n<div class=\"wp-block-stackable-button stk-block-button is-style-link stk-block stk-1r2l6z9\" data-block-id=\"1r2l6z9\"><style>.stk-1r2l6z9 {border-color:#066fb9 !important;}.stk-1r2l6z9:hover{border-color:#066fb9 !important;}.stk-1r2l6z9 .stk-button{border-top-left-radius:var(--stk--preset--border-radius--full, 9999px) !important;border-top-right-radius:var(--stk--preset--border-radius--full, 9999px) !important;border-bottom-right-radius:var(--stk--preset--border-radius--full, 9999px) !important;border-bottom-left-radius:var(--stk--preset--border-radius--full, 9999px) !important;}.stk-1r2l6z9 .stk-button:before{border-color:linear-gradient(135deg,rgb(7,167,242) 0%,rgb(4,88,148) 99%) !important;}.stk-1r2l6z9 .stk-button:hover:before{border-color:linear-gradient(135deg,rgb(62,120,178) 2%,rgb(7,167,242) 100%) !important;}<\/style><a class=\"stk-link stk-button\" href=\"mailto:sgeneux@fsfl.ch\"><span class=\"stk-button__inner-text\">sgeneux@fsfl.ch<\/span><\/a><\/div>\n<\/div><\/div>\n<\/div><\/div><\/div>\n<\/div><\/div>\n\n\n\n<div class=\"wp-block-stackable-divider stk-block-divider stk-block stk-qh8tkgj\" data-block-id=\"qh8tkgj\"><style>.stk-qh8tkgj hr.stk-block-divider__hr{background:#24272b !important;width:100% !important;}<\/style><hr class=\"stk-block-divider__hr\"\/><\/div>\n\n<\/li><li class=\"wp-block-post post-1438 collaborateurs type-collaborateurs status-publish hentry\">\n\n<div class=\"wp-block-stackable-columns stk-block-columns stk-block stk-9lg1c40\" data-block-id=\"9lg1c40\" data-block-type=\"core\"><div class=\"stk-row stk-inner-blocks stk-block-content stk-content-align stk-9lg1c40-column\">\n<div class=\"wp-block-stackable-column stk-block-column stk-column stk-block stk-uhdfnp3\" data-v=\"4\" data-block-id=\"uhdfnp3\"><style>@media screen and (min-width: 768px){.stk-uhdfnp3 {flex:var(--stk-flex-grow, 1) 1 calc(70% - var(--stk-column-gap, 0px) * 1 \/ 2 ) !important;}}<\/style><div class=\"stk-column-wrapper stk-block-column__content stk-container stk-uhdfnp3-container stk--no-background stk--no-padding\"><div class=\"stk-block-content stk-inner-blocks stk-uhdfnp3-inner-blocks\"><h2 class=\"wp-block-post-title\" data-block-type=\"core\">Wenger David<\/h2>\n\n\n<div class=\"wp-block-stackable-heading stk-block-heading stk-block-heading--v2 stk-block stk-xk9o7m0\" id=\"span-data-stk-dynamic-current-page-fonction-contenteditable-false-class-stk-dynamic-content-directeur-span\" data-block-id=\"xk9o7m0\"><h6 class=\"stk-block-heading__text\">Mitarbeiter (100%)<\/h6><\/div>\n\n\n\n<div class=\"wp-block-stackable-text stk-block-text stk-block stk-sejruzd\" data-block-id=\"sejruzd\"><p class=\"stk-block-text__text\"><ul>\n<li>Verantwortlicher Milchmengenmanagement<\/li>\n<li>Beratung der Produzenten f\u00fcr den \nfranz\u00f6sischsprachigen Teil<\/li>\n<li>Buchhaltung der K\u00e4sereigenossenschaften (Assistenz)<\/li>\n<li>Rechnungsstellung der Mitgliederbeitr\u00e4ge<\/li>\n<\/ul>\n<\/p><\/div>\n<\/div><\/div><\/div>\n\n\n\n<div class=\"wp-block-stackable-column stk-block-column stk-column stk-block stk-f2xigdl\" data-v=\"4\" data-block-id=\"f2xigdl\"><style>@media screen and (min-width: 768px){.stk-f2xigdl {flex:var(--stk-flex-grow, 1) 1 calc(30% - var(--stk-column-gap, 0px) * 1 \/ 2 ) !important;}}<\/style><div class=\"stk-column-wrapper stk-block-column__content stk-container stk-f2xigdl-container stk--no-background stk--no-padding\"><div class=\"stk-block-content stk-inner-blocks stk-f2xigdl-inner-blocks\">\n<div class=\"wp-block-stackable-button-group stk-block-button-group stk-block stk-jkbwean\" data-block-id=\"jkbwean\"><div class=\"stk-row stk-inner-blocks has-text-align-right stk-block-content stk-button-group\">\n<div class=\"wp-block-stackable-button stk-block-button is-style-link stk-block stk-wscr16l\" data-block-id=\"wscr16l\"><style>.stk-wscr16l {border-color:#066fb9 !important;}.stk-wscr16l:hover{border-color:#066fb9 !important;}.stk-wscr16l .stk-button{border-top-left-radius:var(--stk--preset--border-radius--full, 9999px) !important;border-top-right-radius:var(--stk--preset--border-radius--full, 9999px) !important;border-bottom-right-radius:var(--stk--preset--border-radius--full, 9999px) !important;border-bottom-left-radius:var(--stk--preset--border-radius--full, 9999px) !important;}.stk-wscr16l .stk-button:before{border-color:linear-gradient(135deg,rgb(7,167,242) 0%,rgb(4,88,148) 99%) !important;}.stk-wscr16l .stk-button:hover:before{border-color:linear-gradient(135deg,rgb(62,120,178) 2%,rgb(7,167,242) 100%) !important;}<\/style><a class=\"stk-link stk-button\" href=\"mailto:dwenger@fsfl.ch\"><span class=\"stk-button__inner-text\">dwenger@fsfl.ch<\/span><\/a><\/div>\n<\/div><\/div>\n<\/div><\/div><\/div>\n<\/div><\/div>\n\n\n\n<div class=\"wp-block-stackable-divider stk-block-divider stk-block stk-odn1q38\" data-block-id=\"odn1q38\"><style>.stk-odn1q38 hr.stk-block-divider__hr{background:#24272b !important;width:100% !important;}<\/style><hr class=\"stk-block-divider__hr\"\/><\/div>\n\n<\/li><\/ul><\/div>","protected":false},"excerpt":{"rendered":"<p>Der Freiburgischer Milchverband st\u00fctzt sich auf ein engagiertes Team, das sich aus Produzenten, Milchfachleuten und Verwaltungsmitarbeitern zusammensetzt. Jeder bringt seine Kompetenzen in den Dienst der Freiburger K\u00e4sereigenossenschaften ein.<\/p>","protected":false},"author":1,"featured_media":1128,"parent":0,"menu_order":0,"comment_status":"closed","ping_status":"closed","template":"page-with-sidebar","meta":{"_acf_changed":false,"inline_featured_image":false,"postBodyCss":"","postBodyMargin":[],"postBodyPadding":[],"postBodyBackground":{"backgroundType":"classic","gradient":""},"enableOnePageScrollInPage":false,"onePageScrollCss":"","onePageScrollSpeed":1000,"onePageScrollAnimation":"easeInOutQuad","onePageScrollShowDotNavigation":true,"onePageScrollNavigation":"scaleUp","onePageScrollNavigationPosition":"right","onePageScrollNavigationHorizontal":[],"onePageScrollNavigationVertical":[],"onePageScrollNavigationSpacing":[],"onePageScrollNavigationColor":"#00ff0d","onePageScrollNavigationColorHover":"#00ff0d","onePageScrollNavigationColorActive":"#00ff0d","onePageScrollNavigationIcon":[],"onePageScrollNavigationWidth":[],"onePageScrollNavigationWidthHover":[],"onePageScrollNavigationWidthActive":[],"onePageScrollNavigationHeight":[],"onePageScrollNavigationHeightHover":[],"onePageScrollNavigationHeightActive":[],"onePageScrollNavigationBorder":[],"onePageScrollNavigationBorderHover":[],"onePageScrollNavigationBorderActive":[],"onePageScrollNavigationBorderRadius":[],"onePageScrollNavigationBorderRadiusHover":[],"onePageScrollNavigationBorderRadiusActive":[],"onePageScrollNavigationTooltipTypography":[],"onePageScrollNavigationTooltipColor":"#ffffff","onePageScrollNavigationTooltipColorHover":"","onePageScrollNavigationTooltipBgColor":"#00ff0d","onePageScrollNavigationTooltipBgColorHover":"","onePageScrollNavigationTooltipPadding":[],"onePageScrollNavigationTooltipPaddingHover":[],"onePageScrollNavigationTooltipBorderRadius":[],"onePageScrollNavigationTooltipBorderRadiusHover":[],"pageSettingsCustomCss":"","footnotes":""},"class_list":["post-1123","page","type-page","status-publish","has-post-thumbnail","hentry"],"acf":[],"mb":[],"mfb_rest_fields":["title"],"_links":{"self":[{"href":"https:\/\/fsfl.ch\/de\/wp-json\/wp\/v2\/pages\/1123","targetHints":{"allow":["GET"]}}],"collection":[{"href":"https:\/\/fsfl.ch\/de\/wp-json\/wp\/v2\/pages"}],"about":[{"href":"https:\/\/fsfl.ch\/de\/wp-json\/wp\/v2\/types\/page"}],"author":[{"embeddable":true,"href":"https:\/\/fsfl.ch\/de\/wp-json\/wp\/v2\/users\/1"}],"replies":[{"embeddable":true,"href":"https:\/\/fsfl.ch\/de\/wp-json\/wp\/v2\/comments?post=1123"}],"version-history":[{"count":21,"href":"https:\/\/fsfl.ch\/de\/wp-json\/wp\/v2\/pages\/1123\/revisions"}],"predecessor-version":[{"id":2231,"href":"https:\/\/fsfl.ch\/de\/wp-json\/wp\/v2\/pages\/1123\/revisions\/2231"}],"wp:featuredmedia":[{"embeddable":true,"href":"https:\/\/fsfl.ch\/de\/wp-json\/wp\/v2\/media\/1128"}],"wp:attachment":[{"href":"https:\/\/fsfl.ch\/de\/wp-json\/wp\/v2\/media?parent=1123"}],"curies":[{"name":"wp","href":"https:\/\/api.w.org\/{rel}","templated":true}]}}